{"id":98,"date":"2025-11-30T17:22:07","date_gmt":"2025-11-30T17:22:07","guid":{"rendered":"https:\/\/runflat.com.pl\/?page_id=98"},"modified":"2025-11-30T17:39:32","modified_gmt":"2025-11-30T17:39:32","slug":"wkladki-runflat","status":"publish","type":"page","link":"https:\/\/runflat.com.pl\/index.php\/wkladki-runflat\/","title":{"rendered":"Wk\u0142adki RunFlat"},"content":{"rendered":"\n<div class=\"wp-block-group wow animate__animated animate__fadeInUp has-base-2-background-color has-background has-global-padding is-layout-constrained wp-block-group-is-layout-constrained\" style=\"margin-top:0;margin-bottom:0;padding-top:var(--wp--preset--spacing--50);padding-bottom:var(--wp--preset--spacing--50)\">\n<div class=\"wp-block-group has-global-padding is-layout-constrained wp-block-group-is-layout-constrained\" style=\"margin-top:0;margin-bottom:0;padding-top:0;padding-bottom:0\">\n<p class=\"has-text-align-center has-primary-color has-text-color has-link-color wp-elements-a748622db9da62b535b20d3a83d86bf6\" style=\"margin-top:0;margin-right:0;margin-bottom:0;margin-left:0;font-size:clamp(14.082px, 0.88rem + ((1vw - 3.2px) * 0.844), 21px);font-style:normal;font-weight:600;letter-spacing:2px\"><strong>Wk\u0142adki ko\u0142owe do zada\u0144 specjalnych<\/strong><\/p>\n\n\n\n<h2 class=\"wp-block-heading has-text-align-center\" style=\"font-size:clamp(25.014px, 1.563rem + ((1vw - 3.2px) * 2.071), 42px);font-style:normal;font-weight:700;line-height:1.3\">Na oficjalnej licencji RunFlat International<\/h2>\n\n\n\n<figure class=\"wp-block-pullquote has-contrast-color has-text-color has-link-color wp-elements-a3721a9045d734c2893cc596bb778b65\"><blockquote><p>RunFlat International to\u00a0brytyjska firma, kt\u00f3ra\u00a0specjalizuje si\u0119 w\u00a0innowacyjnej technologii polimerowych wk\u0142adek do\u00a0k\u00f3\u0142 typu run-flat, dedykownych do\u00a0pojazd\u00f3w wojskowych i\u00a0specjalnych. Wk\u0142adki tego typu nie\u00a0tylko\u00a0umo\u017cliwiaj\u0105 jazd\u0119 po\u00a0utracie ci\u015bnienia w\u00a0oponie (na\u00a0skutek przebicia, przestrzelenia itp.), dzi\u0119ki czemu pojazd mo\u017ce np.\u00a0opu\u015bci\u0107 stref\u0119 zagro\u017cenia, powr\u00f3ci\u0107 do\u00a0bazy. Jest to\u00a0mo\u017cliwe, gdy\u017c\u00a0zastosowanie tych wk\u0142adek w\u00a0ko\u0142ach pozwala na\u00a0zachowanie pe\u0142nej kontroli nad\u00a0pojazdem, przyczepno\u015bci oraz\u00a0skutecznego hamowania. Wk\u0142adki absorbuj\u0105 r\u00f3wnie\u017c wstrz\u0105sy co wp\u0142ywa na\u00a0komfort jazdy bez\u00a0ci\u015bnienia w\u00a0ko\u0142ach.<\/p><\/blockquote><\/figure>\n<\/div>\n\n\n\n<div class=\"wp-block-columns is-layout-flex wp-container-core-columns-is-layout-328c6305 wp-block-columns-is-layout-flex\" style=\"padding-top:var(--wp--preset--spacing--30)\">\n<div class=\"wp-block-column wow animate__animated animate__zoomIn is-layout-flow wp-block-column-is-layout-flow\">\n<div class=\"wp-block-group has-hover-effect has-border-color has-contrast-background-color has-background has-global-padding is-layout-constrained wp-container-core-group-is-layout-80fb368b wp-block-group-is-layout-constrained\" style=\"border-color:#f5f5f585;border-width:1px;border-radius:8px;padding-top:var(--wp--preset--spacing--30);padding-right:var(--wp--preset--spacing--30);padding-bottom:var(--wp--preset--spacing--30);padding-left:var(--wp--preset--spacing--30)\">\n<h3 class=\"wp-block-heading has-text-align-center has-base-2-color has-text-color has-link-color wp-elements-ddd5a6433fc90f28df63332bc98ef73d\" style=\"font-size:clamp(14.082px, 0.88rem + ((1vw - 3.2px) * 0.844), 21px);font-style:normal;font-weight:700\">Dynamic System<\/h3>\n\n\n\n<p class=\"has-text-align-center has-base-2-color has-text-color has-link-color wp-elements-91c06387bdca0b181adbaa1ad7fc9310\">Dynamic System (System Dynamiczny) wykonany z\u00a02 lub 3 segment\u00f3w skr\u0119canych wok\u00f3\u0142 obr\u0119czy ko\u0142a dla przyk\u0142adu jest dedykowany dla wszelkiego rodzaju felg jednocz\u0119\u015bciowych. Gdy opona jest ca\u0142kowicie napompowana elementy te pozostaj\u0105 w niezmienionej pozycji na obr\u0119czy. Natomiast w momencie przebicia ko\u0142a i utraty ci\u015bnienia w oponie, segmenty systemu \u015blizgaj\u0105 si\u0119 wewn\u0105trz uszkodzonej opony w kierunku przeciwnym do obrotu ko\u0142a, co pozwala na kompensacj\u0119 pr\u0119dko\u015bci obrotowych po obu stronach osi. Umo\u017cliwia to kontynuacj\u0119 jazdy z uszkodzonym jednym lub nawet kilkoma ko\u0142ami na odleg\u0142o\u015b\u0107 do 100 km.<\/p>\n\n\n\n<figure class=\"wp-block-image size-full\"><img loading=\"lazy\" decoding=\"async\" width=\"1005\" height=\"839\" src=\"http:\/\/runflat.com.pl\/wp-content\/uploads\/2025\/11\/2.png\" alt=\"\" class=\"wp-image-62\" srcset=\"https:\/\/runflat.com.pl\/wp-content\/uploads\/2025\/11\/2.png 1005w, https:\/\/runflat.com.pl\/wp-content\/uploads\/2025\/11\/2-300x250.png 300w, https:\/\/runflat.com.pl\/wp-content\/uploads\/2025\/11\/2-768x641.png 768w\" sizes=\"auto, (max-width: 1005px) 100vw, 1005px\" \/><\/figure>\n<\/div>\n<\/div>\n\n\n\n<div class=\"wp-block-column wow animate__animated animate__zoomIn animate__delay-1s is-layout-flow wp-block-column-is-layout-flow\" style=\"padding-top:0;padding-right:0;padding-bottom:0;padding-left:0\">\n<div class=\"wp-block-group has-hover-effect has-border-color has-background has-global-padding is-layout-constrained wp-container-core-group-is-layout-80fb368b wp-block-group-is-layout-constrained\" style=\"border-color:#f5f5f585;border-width:1px;border-radius:8px;background-color:#81810d;padding-top:var(--wp--preset--spacing--30);padding-right:var(--wp--preset--spacing--30);padding-bottom:var(--wp--preset--spacing--30);padding-left:var(--wp--preset--spacing--30)\">\n<h3 class=\"wp-block-heading has-text-align-center has-base-2-color has-text-color has-link-color wp-elements-34f46b7e6f4e9679973ec6a17b073998\" style=\"font-size:clamp(14.082px, 0.88rem + ((1vw - 3.2px) * 0.844), 21px);font-style:normal;font-weight:700\">Static System<\/h3>\n\n\n\n<p class=\"has-text-align-center has-base-2-color has-text-color has-link-color wp-elements-b317747ce865ac6207dcdf3d49c60953\">Static System (System Statyczny) zosta\u0142 opracowany specjalnie z my\u015bl\u0105 o felgach typu wielocz\u0119\u015bciowego oraz oponach bezd\u0119tkowych. Wk\u0142ad ten sk\u0142ada si\u0119 z trzech lub czterech segment\u00f3w, kt\u00f3re skr\u0119cone s\u0105 ciasno dooko\u0142a obr\u0119czy ko\u0142a. Elementy te pozostaj\u0105 nieruchome w stosunku do felgi utrzymuj\u0105c opon\u0119 na swoim miejscu bez wzgl\u0119du na to, czy opona jest napompowana czy te\u017c nie.<\/p>\n\n\n\n<figure class=\"wp-block-image size-full\"><img loading=\"lazy\" decoding=\"async\" width=\"773\" height=\"821\" src=\"http:\/\/runflat.com.pl\/wp-content\/uploads\/2025\/11\/1.jpg\" alt=\"\" class=\"wp-image-61\" srcset=\"https:\/\/runflat.com.pl\/wp-content\/uploads\/2025\/11\/1.jpg 773w, https:\/\/runflat.com.pl\/wp-content\/uploads\/2025\/11\/1-282x300.jpg 282w, https:\/\/runflat.com.pl\/wp-content\/uploads\/2025\/11\/1-768x816.jpg 768w\" sizes=\"auto, (max-width: 773px) 100vw, 773px\" \/><\/figure>\n<\/div>\n<\/div>\n\n\n\n<div class=\"wp-block-column wow animate__animated animate__zoomIn is-layout-flow wp-block-column-is-layout-flow\">\n<div class=\"wp-block-group has-hover-effect has-border-color has-button-hover-color-background-color has-background has-global-padding is-layout-constrained wp-container-core-group-is-layout-80fb368b wp-block-group-is-layout-constrained\" style=\"border-color:#f5f5f585;border-width:1px;border-radius:8px;padding-top:var(--wp--preset--spacing--30);padding-right:var(--wp--preset--spacing--30);padding-bottom:var(--wp--preset--spacing--30);padding-left:var(--wp--preset--spacing--30)\">\n<h3 class=\"wp-block-heading has-text-align-center has-base-2-color has-text-color has-link-color wp-elements-508945fd2f2aec2cf3259b9e777fc0f9\" style=\"font-size:clamp(14.082px, 0.88rem + ((1vw - 3.2px) * 0.844), 21px);font-style:normal;font-weight:700\">Beadlock<\/h3>\n\n\n\n<p class=\"has-text-align-center has-base-2-color has-text-color has-link-color wp-elements-1877749044acdf5f975aca2db02625af\">Beadlock jest jednocz\u0119\u015bciowym polimerowym pier\u015bcieniem, dopasowanym do obr\u0119czy ko\u0142a w taki spos\u00f3b, by blokowa\u0142 stopk\u0119 opony. Zapobiegaj\u0105c przesuwaniu si\u0119 opony do wewn\u0105trz, uk\u0142ad zapewnia, \u017ce opona i ko\u0142o obracaj\u0105 si\u0119 razem w warunkach niskiego ci\u015bnienia, zwi\u0119kszaj\u0105c mobilno\u015b\u0107 i przyczepno\u015b\u0107.<\/p>\n\n\n\n<figure class=\"wp-block-image size-full\"><img loading=\"lazy\" decoding=\"async\" width=\"775\" height=\"803\" src=\"http:\/\/runflat.com.pl\/wp-content\/uploads\/2025\/11\/3.png\" alt=\"\" class=\"wp-image-63\" srcset=\"https:\/\/runflat.com.pl\/wp-content\/uploads\/2025\/11\/3.png 775w, https:\/\/runflat.com.pl\/wp-content\/uploads\/2025\/11\/3-290x300.png 290w, https:\/\/runflat.com.pl\/wp-content\/uploads\/2025\/11\/3-768x796.png 768w\" sizes=\"auto, (max-width: 775px) 100vw, 775px\" \/><\/figure>\n<\/div>\n<\/div>\n<\/div>\n\n\n\n<div class=\"wp-block-columns is-layout-flex wp-container-core-columns-is-layout-e79a657b wp-block-columns-is-layout-flex\" style=\"padding-top:0\">\n<div class=\"wp-block-column wow animate__animated animate__zoomIn is-layout-flow wp-block-column-is-layout-flow\" style=\"padding-top:0;padding-right:0;padding-bottom:0;padding-left:0\"><\/div>\n<\/div>\n<\/div>\n","protected":false},"excerpt":{"rendered":"<p>Wk\u0142adki ko\u0142owe do zada\u0144 specjalnych Na oficjalnej licencji RunFlat International RunFlat International to\u00a0brytyjska firma, kt\u00f3ra\u00a0specjalizuje si\u0119 w\u00a0innowacyjnej technologii polimerowych wk\u0142adek do\u00a0k\u00f3\u0142 typu run-flat, dedykownych do\u00a0pojazd\u00f3w wojskowych i\u00a0specjalnych. Wk\u0142adki tego typu nie\u00a0tylko\u00a0umo\u017cliwiaj\u0105 jazd\u0119 po\u00a0utracie ci\u015bnienia w\u00a0oponie (na\u00a0skutek przebicia, przestrzelenia itp.), dzi\u0119ki czemu pojazd mo\u017ce np.\u00a0opu\u015bci\u0107 stref\u0119 zagro\u017cenia, powr\u00f3ci\u0107 do\u00a0bazy. Jest to\u00a0mo\u017cliwe, gdy\u017c\u00a0zastosowanie tych wk\u0142adek w\u00a0ko\u0142ach pozwala [&hellip;]<\/p>\n","protected":false},"author":1,"featured_media":0,"parent":0,"menu_order":0,"comment_status":"closed","ping_status":"closed","template":"","meta":{"footnotes":""},"class_list":["post-98","page","type-page","status-publish","hentry"],"_links":{"self":[{"href":"https:\/\/runflat.com.pl\/index.php\/wp-json\/wp\/v2\/pages\/98","targetHints":{"allow":["GET"]}}],"collection":[{"href":"https:\/\/runflat.com.pl\/index.php\/wp-json\/wp\/v2\/pages"}],"about":[{"href":"https:\/\/runflat.com.pl\/index.php\/wp-json\/wp\/v2\/types\/page"}],"author":[{"embeddable":true,"href":"https:\/\/runflat.com.pl\/index.php\/wp-json\/wp\/v2\/users\/1"}],"replies":[{"embeddable":true,"href":"https:\/\/runflat.com.pl\/index.php\/wp-json\/wp\/v2\/comments?post=98"}],"version-history":[{"count":2,"href":"https:\/\/runflat.com.pl\/index.php\/wp-json\/wp\/v2\/pages\/98\/revisions"}],"predecessor-version":[{"id":101,"href":"https:\/\/runflat.com.pl\/index.php\/wp-json\/wp\/v2\/pages\/98\/revisions\/101"}],"wp:attachment":[{"href":"https:\/\/runflat.com.pl\/index.php\/wp-json\/wp\/v2\/media?parent=98"}],"curies":[{"name":"wp","href":"https:\/\/api.w.org\/{rel}","templated":true}]}}